{"id":648,"date":"2022-09-04T09:32:03","date_gmt":"2022-09-04T07:32:03","guid":{"rendered":"https:\/\/step3-hub.eu\/?page_id=648"},"modified":"2022-09-04T19:06:08","modified_gmt":"2022-09-04T17:06:08","slug":"organization","status":"publish","type":"page","link":"https:\/\/step3-hub.eu\/index.php\/organization\/","title":{"rendered":"organization"},"content":{"rendered":"\t\t<div data-elementor-type=\"wp-page\" data-elementor-id=\"648\" class=\"elementor elementor-648\">\n\t\t\t\t\t\t<section class=\"elementor-section elementor-top-section elementor-element elementor-element-1b9e485 elementor-section-boxed elementor-section-height-default elementor-section-height-default\" data-id=\"1b9e485\" data-element_type=\"section\" data-e-type=\"section\">\n\t\t\t\t\t\t<div class=\"elementor-container elementor-column-gap-default\">\n\t\t\t\t\t<div class=\"elementor-column elementor-col-100 elementor-top-column elementor-element elementor-element-c448dee\" data-id=\"c448dee\" data-element_type=\"column\" data-e-type=\"column\" data-settings=\"{&quot;appside_sec_extends_is_scrollme&quot;:&quot;false&quot;,&quot;appside_sec_extends_is_smoove&quot;:&quot;false&quot;,&quot;appside_sec_extends_is_parallax_mouse&quot;:&quot;false&quot;,&quot;appside_sec_extends_is_infinite&quot;:&quot;false&quot;}\">\n\t\t\t<div class=\"elementor-widget-wrap elementor-element-populated\">\n\t\t\t\t\t\t<div class=\"elementor-element elementor-element-4cef792 elementor-pagination-position-inside elementor-arrows-position-inside elementor-widget elementor-widget-image-carousel\" data-id=\"4cef792\" data-element_type=\"widget\" data-e-type=\"widget\" data-settings=\"{&quot;slides_to_show&quot;:&quot;1&quot;,&quot;navigation&quot;:&quot;both&quot;,&quot;autoplay&quot;:&quot;yes&quot;,&quot;pause_on_hover&quot;:&quot;yes&quot;,&quot;pause_on_interaction&quot;:&quot;yes&quot;,&quot;autoplay_speed&quot;:5000,&quot;infinite&quot;:&quot;yes&quot;,&quot;effect&quot;:&quot;slide&quot;,&quot;speed&quot;:500,&quot;appside_sec_extends_is_scrollme&quot;:&quot;false&quot;,&quot;appside_sec_extends_is_smoove&quot;:&quot;false&quot;,&quot;appside_sec_extends_is_parallax_mouse&quot;:&quot;false&quot;,&quot;appside_sec_extends_is_infinite&quot;:&quot;false&quot;}\" data-widget_type=\"image-carousel.default\">\n\t\t\t\t<div class=\"elementor-widget-container\">\n\t\t\t\t\t\t\t<div class=\"elementor-image-carousel-wrapper swiper\" role=\"region\" aria-roledescription=\"carousel\" aria-label=\"Image Carousel\" dir=\"ltr\">\n\t\t\t<div class=\"elementor-image-carousel swiper-wrapper swiper-image-stretch\" aria-live=\"off\">\n\t\t\t\t\t\t\t\t<div class=\"swiper-slide\" role=\"group\" aria-roledescription=\"slide\" aria-label=\"1 of 3\"><figure class=\"swiper-slide-inner\"><img decoding=\"async\" class=\"swiper-slide-image\" src=\"https:\/\/step3-hub.eu\/wp-content\/uploads\/2022\/09\/step15-1.jpg\" alt=\"step15\" \/><\/figure><\/div><div class=\"swiper-slide\" role=\"group\" aria-roledescription=\"slide\" aria-label=\"2 of 3\"><figure class=\"swiper-slide-inner\"><img decoding=\"async\" class=\"swiper-slide-image\" src=\"https:\/\/step3-hub.eu\/wp-content\/uploads\/2022\/09\/stepstep.jpg\" alt=\"stepstep\" \/><\/figure><\/div><div class=\"swiper-slide\" role=\"group\" aria-roledescription=\"slide\" aria-label=\"3 of 3\"><figure class=\"swiper-slide-inner\"><img decoding=\"async\" class=\"swiper-slide-image\" src=\"https:\/\/step3-hub.eu\/wp-content\/uploads\/2022\/09\/step11.jpg\" alt=\"step11\" \/><\/figure><\/div>\t\t\t<\/div>\n\t\t\t\t\t\t\t\t\t\t\t\t<div class=\"elementor-swiper-button elementor-swiper-button-prev\" role=\"button\" tabindex=\"0\">\n\t\t\t\t\t\t<i aria-hidden=\"true\" class=\"eicon-chevron-left\"><\/i>\t\t\t\t\t<\/div>\n\t\t\t\t\t<div class=\"elementor-swiper-button elementor-swiper-button-next\" role=\"button\" tabindex=\"0\">\n\t\t\t\t\t\t<i aria-hidden=\"true\" class=\"eicon-chevron-right\"><\/i>\t\t\t\t\t<\/div>\n\t\t\t\t\n\t\t\t\t\t\t\t\t\t<div class=\"swiper-pagination\"><\/div>\n\t\t\t\t\t\t\t\t\t<\/div>\n\t\t\t\t\t\t<\/div>\n\t\t\t\t<\/div>\n\t\t\t\t\t<\/div>\n\t\t<\/div>\n\t\t\t\t\t<\/div>\n\t\t<\/section>\n\t\t\t\t<section class=\"elementor-section elementor-top-section elementor-element elementor-element-dba989b elementor-section-full_width elementor-section-height-default elementor-section-height-default\" data-id=\"dba989b\" data-element_type=\"section\" data-e-type=\"section\" data-settings=\"{&quot;background_background&quot;:&quot;classic&quot;}\">\n\t\t\t\t\t\t<div class=\"elementor-container elementor-column-gap-default\">\n\t\t\t\t\t<div class=\"elementor-column elementor-col-33 elementor-top-column elementor-element elementor-element-ca18c4b\" data-id=\"ca18c4b\" data-element_type=\"column\" data-e-type=\"column\" data-settings=\"{&quot;appside_sec_extends_is_scrollme&quot;:&quot;false&quot;,&quot;appside_sec_extends_is_smoove&quot;:&quot;false&quot;,&quot;appside_sec_extends_is_parallax_mouse&quot;:&quot;false&quot;,&quot;appside_sec_extends_is_infinite&quot;:&quot;false&quot;}\">\n\t\t\t<div class=\"elementor-widget-wrap\">\n\t\t\t\t\t\t\t<\/div>\n\t\t<\/div>\n\t\t\t\t<div class=\"elementor-column elementor-col-33 elementor-top-column elementor-element elementor-element-5ab6929\" data-id=\"5ab6929\" data-element_type=\"column\" data-e-type=\"column\" data-settings=\"{&quot;appside_sec_extends_is_scrollme&quot;:&quot;false&quot;,&quot;appside_sec_extends_is_smoove&quot;:&quot;false&quot;,&quot;appside_sec_extends_is_parallax_mouse&quot;:&quot;false&quot;,&quot;appside_sec_extends_is_infinite&quot;:&quot;false&quot;}\">\n\t\t\t<div class=\"elementor-widget-wrap elementor-element-populated\">\n\t\t\t\t\t\t<div class=\"elementor-element elementor-element-1df8691 elementor-widget elementor-widget-heading\" data-id=\"1df8691\" data-element_type=\"widget\" data-e-type=\"widget\" data-settings=\"{&quot;appside_sec_extends_is_scrollme&quot;:&quot;false&quot;,&quot;appside_sec_extends_is_smoove&quot;:&quot;false&quot;,&quot;appside_sec_extends_is_parallax_mouse&quot;:&quot;false&quot;,&quot;appside_sec_extends_is_infinite&quot;:&quot;false&quot;}\" data-widget_type=\"heading.default\">\n\t\t\t\t<div class=\"elementor-widget-container\">\n\t\t\t\t\t<h2 class=\"elementor-heading-title elementor-size-default\">Europejska Fundacja Rozwoju Cz\u0142owieka<\/h2>\t\t\t\t<\/div>\n\t\t\t\t<\/div>\n\t\t\t\t<div class=\"elementor-element elementor-element-52a47e2 elementor-widget elementor-widget-heading\" data-id=\"52a47e2\" data-element_type=\"widget\" data-e-type=\"widget\" data-settings=\"{&quot;appside_sec_extends_is_scrollme&quot;:&quot;false&quot;,&quot;appside_sec_extends_is_smoove&quot;:&quot;false&quot;,&quot;appside_sec_extends_is_parallax_mouse&quot;:&quot;false&quot;,&quot;appside_sec_extends_is_infinite&quot;:&quot;false&quot;}\" data-widget_type=\"heading.default\">\n\t\t\t\t<div class=\"elementor-widget-container\">\n\t\t\t\t\t<h5 class=\"elementor-heading-title elementor-size-default\">About Us <\/h5>\t\t\t\t<\/div>\n\t\t\t\t<\/div>\n\t\t\t\t<div class=\"elementor-element elementor-element-2e7b0cc elementor-widget elementor-widget-text-editor\" data-id=\"2e7b0cc\" data-element_type=\"widget\" data-e-type=\"widget\" data-settings=\"{&quot;appside_sec_extends_is_scrollme&quot;:&quot;false&quot;,&quot;appside_sec_extends_is_smoove&quot;:&quot;false&quot;,&quot;appside_sec_extends_is_parallax_mouse&quot;:&quot;false&quot;,&quot;appside_sec_extends_is_infinite&quot;:&quot;false&quot;}\" data-widget_type=\"text-editor.default\">\n\t\t\t\t<div class=\"elementor-widget-container\">\n\t\t\t\t\t\t\t\t\t<p>Europejska Fundacja Rozwoju Cz\u0142owieka (EuroFRC) is a non-profit Organization based in \u0141\u00f3d\u017a, Poland. We provide European and global opportunities for youth and citizens based on non-formal education, cross-sectoral partnerships and cultural programmes. Our principle is anchored on the motto \u201chumans helping humans\u201d.<br \/><br \/>Our Foundation aims at boosting the competences of young individuals at local, regional and European level by a tailor-made plan for personal and professional development and growth.<br \/><br \/>All Foundation&#8217;s activities run on the basis of a regular agenda, implemented by our youth workers and project managers. We design European mobility opportunities and holistic workshops; as well we do operate as researchers in the educational sector in collaboration with local and regional stakeholders.<\/p>\t\t\t\t\t\t\t\t<\/div>\n\t\t\t\t<\/div>\n\t\t\t\t<div class=\"elementor-element elementor-element-652d143 elementor-align-center elementor-widget elementor-widget-button\" data-id=\"652d143\" data-element_type=\"widget\" data-e-type=\"widget\" data-settings=\"{&quot;appside_sec_extends_is_scrollme&quot;:&quot;false&quot;,&quot;appside_sec_extends_is_smoove&quot;:&quot;false&quot;,&quot;appside_sec_extends_is_parallax_mouse&quot;:&quot;false&quot;,&quot;appside_sec_extends_is_infinite&quot;:&quot;false&quot;}\" data-widget_type=\"button.default\">\n\t\t\t\t<div class=\"elementor-widget-container\">\n\t\t\t\t\t\t\t\t\t<div class=\"elementor-button-wrapper\">\n\t\t\t\t\t<a class=\"elementor-button elementor-button-link elementor-size-sm\" href=\"https:\/\/step3-hub.eu\/\">\n\t\t\t\t\t\t<span class=\"elementor-button-content-wrapper\">\n\t\t\t\t\t\t\t\t\t<span class=\"elementor-button-text\">HOME<\/span>\n\t\t\t\t\t<\/span>\n\t\t\t\t\t<\/a>\n\t\t\t\t<\/div>\n\t\t\t\t\t\t\t\t<\/div>\n\t\t\t\t<\/div>\n\t\t\t\t\t<\/div>\n\t\t<\/div>\n\t\t\t\t<div class=\"elementor-column elementor-col-33 elementor-top-column elementor-element elementor-element-ad92abc\" data-id=\"ad92abc\" data-element_type=\"column\" data-e-type=\"column\" data-settings=\"{&quot;appside_sec_extends_is_scrollme&quot;:&quot;false&quot;,&quot;appside_sec_extends_is_smoove&quot;:&quot;false&quot;,&quot;appside_sec_extends_is_parallax_mouse&quot;:&quot;false&quot;,&quot;appside_sec_extends_is_infinite&quot;:&quot;false&quot;}\">\n\t\t\t<div class=\"elementor-widget-wrap\">\n\t\t\t\t\t\t\t<\/div>\n\t\t<\/div>\n\t\t\t\t\t<\/div>\n\t\t<\/section>\n\t\t\t\t<\/div>\n\t\t","protected":false},"excerpt":{"rendered":"<p>Previous Next Europejska Fundacja Rozwoju Cz\u0142owieka About Us Europejska Fundacja Rozwoju Cz\u0142owieka (EuroFRC) is a non-profit Organization based in \u0141\u00f3d\u017a, Poland. We provide European and global opportunities for youth and citizens based on non-formal education, cross-sectoral partnerships and cultural programmes. Our principle is anchored on the motto \u201chumans helping humans\u201d. Our Foundation aims at boosting [&hellip;]<\/p>\n","protected":false},"author":1,"featured_media":0,"parent":0,"menu_order":0,"comment_status":"closed","ping_status":"closed","template":"elementor_header_footer","meta":{"_mi_skip_tracking":false,"footnotes":""},"class_list":["post-648","page","type-page","status-publish","hentry"],"aioseo_notices":[],"_links":{"self":[{"href":"https:\/\/step3-hub.eu\/index.php\/wp-json\/wp\/v2\/pages\/648","targetHints":{"allow":["GET"]}}],"collection":[{"href":"https:\/\/step3-hub.eu\/index.php\/wp-json\/wp\/v2\/pages"}],"about":[{"href":"https:\/\/step3-hub.eu\/index.php\/wp-json\/wp\/v2\/types\/page"}],"author":[{"embeddable":true,"href":"https:\/\/step3-hub.eu\/index.php\/wp-json\/wp\/v2\/users\/1"}],"replies":[{"embeddable":true,"href":"https:\/\/step3-hub.eu\/index.php\/wp-json\/wp\/v2\/comments?post=648"}],"version-history":[{"count":12,"href":"https:\/\/step3-hub.eu\/index.php\/wp-json\/wp\/v2\/pages\/648\/revisions"}],"predecessor-version":[{"id":935,"href":"https:\/\/step3-hub.eu\/index.php\/wp-json\/wp\/v2\/pages\/648\/revisions\/935"}],"wp:attachment":[{"href":"https:\/\/step3-hub.eu\/index.php\/wp-json\/wp\/v2\/media?parent=648"}],"curies":[{"name":"wp","href":"https:\/\/api.w.org\/{rel}","templated":true}]}}