{"id":687,"date":"2022-09-04T09:53:16","date_gmt":"2022-09-04T07:53:16","guid":{"rendered":"https:\/\/step3-hub.eu\/?page_id=687"},"modified":"2022-09-04T19:31:50","modified_gmt":"2022-09-04T17:31:50","slug":"expo","status":"publish","type":"page","link":"https:\/\/step3-hub.eu\/index.php\/expo\/","title":{"rendered":"expo"},"content":{"rendered":"\t\t<div data-elementor-type=\"wp-page\" data-elementor-id=\"687\" class=\"elementor elementor-687\">\n\t\t\t\t\t\t<section class=\"elementor-section elementor-top-section elementor-element elementor-element-60ea683 elementor-section-boxed elementor-section-height-default elementor-section-height-default\" data-id=\"60ea683\" data-element_type=\"section\" data-e-type=\"section\">\n\t\t\t\t\t\t<div class=\"elementor-container elementor-column-gap-default\">\n\t\t\t\t\t<div class=\"elementor-column elementor-col-100 elementor-top-column elementor-element elementor-element-fa41528\" data-id=\"fa41528\" data-element_type=\"column\" data-e-type=\"column\" data-settings=\"{&quot;appside_sec_extends_is_scrollme&quot;:&quot;false&quot;,&quot;appside_sec_extends_is_smoove&quot;:&quot;false&quot;,&quot;appside_sec_extends_is_parallax_mouse&quot;:&quot;false&quot;,&quot;appside_sec_extends_is_infinite&quot;:&quot;false&quot;}\">\n\t\t\t<div class=\"elementor-widget-wrap elementor-element-populated\">\n\t\t\t\t\t\t<div class=\"elementor-element elementor-element-1c00370 elementor-pagination-position-inside elementor-arrows-position-inside elementor-widget elementor-widget-image-carousel\" data-id=\"1c00370\" data-element_type=\"widget\" data-e-type=\"widget\" data-settings=\"{&quot;slides_to_show&quot;:&quot;1&quot;,&quot;navigation&quot;:&quot;both&quot;,&quot;autoplay&quot;:&quot;yes&quot;,&quot;pause_on_hover&quot;:&quot;yes&quot;,&quot;pause_on_interaction&quot;:&quot;yes&quot;,&quot;autoplay_speed&quot;:5000,&quot;infinite&quot;:&quot;yes&quot;,&quot;effect&quot;:&quot;slide&quot;,&quot;speed&quot;:500,&quot;appside_sec_extends_is_scrollme&quot;:&quot;false&quot;,&quot;appside_sec_extends_is_smoove&quot;:&quot;false&quot;,&quot;appside_sec_extends_is_parallax_mouse&quot;:&quot;false&quot;,&quot;appside_sec_extends_is_infinite&quot;:&quot;false&quot;}\" data-widget_type=\"image-carousel.default\">\n\t\t\t\t<div class=\"elementor-widget-container\">\n\t\t\t\t\t\t\t<div class=\"elementor-image-carousel-wrapper swiper\" role=\"region\" aria-roledescription=\"carousel\" aria-label=\"Image Carousel\" dir=\"ltr\">\n\t\t\t<div class=\"elementor-image-carousel swiper-wrapper swiper-image-stretch\" aria-live=\"off\">\n\t\t\t\t\t\t\t\t<div class=\"swiper-slide\" role=\"group\" aria-roledescription=\"slide\" aria-label=\"1 of 3\"><figure class=\"swiper-slide-inner\"><img decoding=\"async\" class=\"swiper-slide-image\" src=\"https:\/\/step3-hub.eu\/wp-content\/uploads\/2022\/09\/step15-1.jpg\" alt=\"step15\" \/><\/figure><\/div><div class=\"swiper-slide\" role=\"group\" aria-roledescription=\"slide\" aria-label=\"2 of 3\"><figure class=\"swiper-slide-inner\"><img decoding=\"async\" class=\"swiper-slide-image\" src=\"https:\/\/step3-hub.eu\/wp-content\/uploads\/2022\/09\/stepstep.jpg\" alt=\"stepstep\" \/><\/figure><\/div><div class=\"swiper-slide\" role=\"group\" aria-roledescription=\"slide\" aria-label=\"3 of 3\"><figure class=\"swiper-slide-inner\"><img decoding=\"async\" class=\"swiper-slide-image\" src=\"https:\/\/step3-hub.eu\/wp-content\/uploads\/2022\/09\/step11.jpg\" alt=\"step11\" \/><\/figure><\/div>\t\t\t<\/div>\n\t\t\t\t\t\t\t\t\t\t\t\t<div class=\"elementor-swiper-button elementor-swiper-button-prev\" role=\"button\" tabindex=\"0\">\n\t\t\t\t\t\t<i aria-hidden=\"true\" class=\"eicon-chevron-left\"><\/i>\t\t\t\t\t<\/div>\n\t\t\t\t\t<div class=\"elementor-swiper-button elementor-swiper-button-next\" role=\"button\" tabindex=\"0\">\n\t\t\t\t\t\t<i aria-hidden=\"true\" class=\"eicon-chevron-right\"><\/i>\t\t\t\t\t<\/div>\n\t\t\t\t\n\t\t\t\t\t\t\t\t\t<div class=\"swiper-pagination\"><\/div>\n\t\t\t\t\t\t\t\t\t<\/div>\n\t\t\t\t\t\t<\/div>\n\t\t\t\t<\/div>\n\t\t\t\t\t<\/div>\n\t\t<\/div>\n\t\t\t\t\t<\/div>\n\t\t<\/section>\n\t\t\t\t<section class=\"elementor-section elementor-top-section elementor-element elementor-element-4e621aa elementor-section-full_width elementor-section-height-default elementor-section-height-default\" data-id=\"4e621aa\" data-element_type=\"section\" data-e-type=\"section\" data-settings=\"{&quot;background_background&quot;:&quot;classic&quot;}\">\n\t\t\t\t\t\t<div class=\"elementor-container elementor-column-gap-default\">\n\t\t\t\t\t<div class=\"elementor-column elementor-col-33 elementor-top-column elementor-element elementor-element-0ebd3a8\" data-id=\"0ebd3a8\" data-element_type=\"column\" data-e-type=\"column\" data-settings=\"{&quot;appside_sec_extends_is_scrollme&quot;:&quot;false&quot;,&quot;appside_sec_extends_is_smoove&quot;:&quot;false&quot;,&quot;appside_sec_extends_is_parallax_mouse&quot;:&quot;false&quot;,&quot;appside_sec_extends_is_infinite&quot;:&quot;false&quot;}\">\n\t\t\t<div class=\"elementor-widget-wrap\">\n\t\t\t\t\t\t\t<\/div>\n\t\t<\/div>\n\t\t\t\t<div class=\"elementor-column elementor-col-33 elementor-top-column elementor-element elementor-element-b69251e\" data-id=\"b69251e\" data-element_type=\"column\" data-e-type=\"column\" data-settings=\"{&quot;appside_sec_extends_is_scrollme&quot;:&quot;false&quot;,&quot;appside_sec_extends_is_smoove&quot;:&quot;false&quot;,&quot;appside_sec_extends_is_parallax_mouse&quot;:&quot;false&quot;,&quot;appside_sec_extends_is_infinite&quot;:&quot;false&quot;}\">\n\t\t\t<div class=\"elementor-widget-wrap elementor-element-populated\">\n\t\t\t\t\t\t<div class=\"elementor-element elementor-element-594131c elementor-widget elementor-widget-heading\" data-id=\"594131c\" data-element_type=\"widget\" data-e-type=\"widget\" data-settings=\"{&quot;appside_sec_extends_is_scrollme&quot;:&quot;false&quot;,&quot;appside_sec_extends_is_smoove&quot;:&quot;false&quot;,&quot;appside_sec_extends_is_parallax_mouse&quot;:&quot;false&quot;,&quot;appside_sec_extends_is_infinite&quot;:&quot;false&quot;}\" data-widget_type=\"heading.default\">\n\t\t\t\t<div class=\"elementor-widget-container\">\n\t\t\t\t\t<h2 class=\"elementor-heading-title elementor-size-default\">Erasmus+ and STEP3<\/h2>\t\t\t\t<\/div>\n\t\t\t\t<\/div>\n\t\t\t\t<div class=\"elementor-element elementor-element-b7f452b elementor-widget elementor-widget-heading\" data-id=\"b7f452b\" data-element_type=\"widget\" data-e-type=\"widget\" data-settings=\"{&quot;appside_sec_extends_is_scrollme&quot;:&quot;false&quot;,&quot;appside_sec_extends_is_smoove&quot;:&quot;false&quot;,&quot;appside_sec_extends_is_parallax_mouse&quot;:&quot;false&quot;,&quot;appside_sec_extends_is_infinite&quot;:&quot;false&quot;}\" data-widget_type=\"heading.default\">\n\t\t\t\t<div class=\"elementor-widget-container\">\n\t\t\t\t\t<h6 class=\"elementor-heading-title elementor-size-default\">STEP3 AND THE EXPO 2024 - 2029 \u0141\u00d3D\u0179<\/h6>\t\t\t\t<\/div>\n\t\t\t\t<\/div>\n\t\t\t\t<div class=\"elementor-element elementor-element-869a5cd elementor-widget elementor-widget-text-editor\" data-id=\"869a5cd\" data-element_type=\"widget\" data-e-type=\"widget\" data-settings=\"{&quot;appside_sec_extends_is_scrollme&quot;:&quot;false&quot;,&quot;appside_sec_extends_is_smoove&quot;:&quot;false&quot;,&quot;appside_sec_extends_is_parallax_mouse&quot;:&quot;false&quot;,&quot;appside_sec_extends_is_infinite&quot;:&quot;false&quot;}\" data-widget_type=\"text-editor.default\">\n\t\t\t\t<div class=\"elementor-widget-container\">\n\t\t\t\t\t\t\t\t\t<p>Urban greenery, 37 parks in \u0141\u00f3d\u017a and historical roots.<br \/><br \/>STEP3 has been deepening the aspects related to the topics of the EXPO 2024 &#8211; 2029 \u0141\u00f3d\u017a and it will keep having eyes on it, as we consider it of imperative importance.<br \/><br \/>The target is to transform spaces, areas, towns, cities &#8211; and make our life greener.<br \/>For more info visit:<br \/><a title=\"\" href=\"https:\/\/expo2029.uml.lodz.pl\/en\/\" target=\"_blank\">expo2029.uml.lodz.pl\/en\/<\/a><\/p>\t\t\t\t\t\t\t\t<\/div>\n\t\t\t\t<\/div>\n\t\t\t\t<div class=\"elementor-element elementor-element-8abfad7 elementor-align-center elementor-widget elementor-widget-button\" data-id=\"8abfad7\" data-element_type=\"widget\" data-e-type=\"widget\" data-settings=\"{&quot;appside_sec_extends_is_scrollme&quot;:&quot;false&quot;,&quot;appside_sec_extends_is_smoove&quot;:&quot;false&quot;,&quot;appside_sec_extends_is_parallax_mouse&quot;:&quot;false&quot;,&quot;appside_sec_extends_is_infinite&quot;:&quot;false&quot;}\" data-widget_type=\"button.default\">\n\t\t\t\t<div class=\"elementor-widget-container\">\n\t\t\t\t\t\t\t\t\t<div class=\"elementor-button-wrapper\">\n\t\t\t\t\t<a class=\"elementor-button elementor-button-link elementor-size-sm\" href=\"https:\/\/step3-hub.eu\/\">\n\t\t\t\t\t\t<span class=\"elementor-button-content-wrapper\">\n\t\t\t\t\t\t\t\t\t<span class=\"elementor-button-text\">HOME<\/span>\n\t\t\t\t\t<\/span>\n\t\t\t\t\t<\/a>\n\t\t\t\t<\/div>\n\t\t\t\t\t\t\t\t<\/div>\n\t\t\t\t<\/div>\n\t\t\t\t\t<\/div>\n\t\t<\/div>\n\t\t\t\t<div class=\"elementor-column elementor-col-33 elementor-top-column elementor-element elementor-element-4fe1148\" data-id=\"4fe1148\" data-element_type=\"column\" data-e-type=\"column\" data-settings=\"{&quot;appside_sec_extends_is_scrollme&quot;:&quot;false&quot;,&quot;appside_sec_extends_is_smoove&quot;:&quot;false&quot;,&quot;appside_sec_extends_is_parallax_mouse&quot;:&quot;false&quot;,&quot;appside_sec_extends_is_infinite&quot;:&quot;false&quot;}\">\n\t\t\t<div class=\"elementor-widget-wrap\">\n\t\t\t\t\t\t\t<\/div>\n\t\t<\/div>\n\t\t\t\t\t<\/div>\n\t\t<\/section>\n\t\t\t\t<\/div>\n\t\t","protected":false},"excerpt":{"rendered":"<p>Previous Next Erasmus+ and STEP3 STEP3 AND THE EXPO 2024 &#8211; 2029 \u0141\u00d3D\u0179 Urban greenery, 37 parks in \u0141\u00f3d\u017a and historical roots. STEP3 has been deepening the aspects related to the topics of the EXPO 2024 &#8211; 2029 \u0141\u00f3d\u017a and it will keep having eyes on it, as we consider it of imperative importance. The [&hellip;]<\/p>\n","protected":false},"author":1,"featured_media":0,"parent":0,"menu_order":0,"comment_status":"closed","ping_status":"closed","template":"elementor_header_footer","meta":{"_mi_skip_tracking":false,"footnotes":""},"class_list":["post-687","page","type-page","status-publish","hentry"],"aioseo_notices":[],"_links":{"self":[{"href":"https:\/\/step3-hub.eu\/index.php\/wp-json\/wp\/v2\/pages\/687","targetHints":{"allow":["GET"]}}],"collection":[{"href":"https:\/\/step3-hub.eu\/index.php\/wp-json\/wp\/v2\/pages"}],"about":[{"href":"https:\/\/step3-hub.eu\/index.php\/wp-json\/wp\/v2\/types\/page"}],"author":[{"embeddable":true,"href":"https:\/\/step3-hub.eu\/index.php\/wp-json\/wp\/v2\/users\/1"}],"replies":[{"embeddable":true,"href":"https:\/\/step3-hub.eu\/index.php\/wp-json\/wp\/v2\/comments?post=687"}],"version-history":[{"count":6,"href":"https:\/\/step3-hub.eu\/index.php\/wp-json\/wp\/v2\/pages\/687\/revisions"}],"predecessor-version":[{"id":973,"href":"https:\/\/step3-hub.eu\/index.php\/wp-json\/wp\/v2\/pages\/687\/revisions\/973"}],"wp:attachment":[{"href":"https:\/\/step3-hub.eu\/index.php\/wp-json\/wp\/v2\/media?parent=687"}],"curies":[{"name":"wp","href":"https:\/\/api.w.org\/{rel}","templated":true}]}}