{"id":808,"date":"2022-09-04T15:57:12","date_gmt":"2022-09-04T13:57:12","guid":{"rendered":"https:\/\/step3-hub.eu\/?page_id=808"},"modified":"2022-09-08T21:50:32","modified_gmt":"2022-09-08T19:50:32","slug":"contact-us","status":"publish","type":"page","link":"https:\/\/step3-hub.eu\/index.php\/contact-us\/","title":{"rendered":"Contact Us"},"content":{"rendered":"\t\t<div data-elementor-type=\"wp-page\" data-elementor-id=\"808\" class=\"elementor elementor-808\">\n\t\t\t\t\t\t<section class=\"elementor-section elementor-top-section elementor-element elementor-element-11ce1ea elementor-section-full_width elementor-section-height-default elementor-section-height-default\" data-id=\"11ce1ea\" data-element_type=\"section\" data-e-type=\"section\" data-settings=\"{&quot;background_background&quot;:&quot;classic&quot;}\">\n\t\t\t\t\t\t\t<div class=\"elementor-background-overlay\"><\/div>\n\t\t\t\t\t\t\t<div class=\"elementor-container elementor-column-gap-default\">\n\t\t\t\t\t<div class=\"elementor-column elementor-col-16 elementor-top-column elementor-element elementor-element-a1ae12b\" data-id=\"a1ae12b\" data-element_type=\"column\" data-e-type=\"column\" data-settings=\"{&quot;appside_sec_extends_is_scrollme&quot;:&quot;false&quot;,&quot;appside_sec_extends_is_smoove&quot;:&quot;false&quot;,&quot;appside_sec_extends_is_parallax_mouse&quot;:&quot;false&quot;,&quot;appside_sec_extends_is_infinite&quot;:&quot;false&quot;}\">\n\t\t\t<div class=\"elementor-widget-wrap\">\n\t\t\t\t\t\t\t<\/div>\n\t\t<\/div>\n\t\t\t\t<div class=\"elementor-column elementor-col-66 elementor-top-column elementor-element elementor-element-0016866\" data-id=\"0016866\" data-element_type=\"column\" data-e-type=\"column\" data-settings=\"{&quot;appside_sec_extends_is_scrollme&quot;:&quot;false&quot;,&quot;appside_sec_extends_is_smoove&quot;:&quot;false&quot;,&quot;appside_sec_extends_is_parallax_mouse&quot;:&quot;false&quot;,&quot;appside_sec_extends_is_infinite&quot;:&quot;false&quot;}\">\n\t\t\t<div class=\"elementor-widget-wrap elementor-element-populated\">\n\t\t\t\t\t\t<div class=\"elementor-element elementor-element-39fd6b8 elementor-widget elementor-widget-heading\" data-id=\"39fd6b8\" data-element_type=\"widget\" data-e-type=\"widget\" data-settings=\"{&quot;appside_sec_extends_is_scrollme&quot;:&quot;false&quot;,&quot;appside_sec_extends_is_smoove&quot;:&quot;false&quot;,&quot;appside_sec_extends_is_parallax_mouse&quot;:&quot;false&quot;,&quot;appside_sec_extends_is_infinite&quot;:&quot;false&quot;}\" data-widget_type=\"heading.default\">\n\t\t\t\t<div class=\"elementor-widget-container\">\n\t\t\t\t\t<h2 class=\"elementor-heading-title elementor-size-default\">Contact Us<\/h2>\t\t\t\t<\/div>\n\t\t\t\t<\/div>\n\t\t\t\t<div class=\"elementor-element elementor-element-9e7f05f elementor-widget elementor-widget-woocommerce-breadcrumb\" data-id=\"9e7f05f\" data-element_type=\"widget\" data-e-type=\"widget\" data-settings=\"{&quot;appside_sec_extends_is_scrollme&quot;:&quot;false&quot;,&quot;appside_sec_extends_is_smoove&quot;:&quot;false&quot;,&quot;appside_sec_extends_is_parallax_mouse&quot;:&quot;false&quot;,&quot;appside_sec_extends_is_infinite&quot;:&quot;false&quot;}\" data-widget_type=\"woocommerce-breadcrumb.default\">\n\t\t\t\t<div class=\"elementor-widget-container\">\n\t\t\t\t\t<nav class=\"woocommerce-breadcrumb\" aria-label=\"Breadcrumb\">Home<\/nav>\t\t\t\t<\/div>\n\t\t\t\t<\/div>\n\t\t\t\t\t<\/div>\n\t\t<\/div>\n\t\t\t\t<div class=\"elementor-column elementor-col-16 elementor-top-column elementor-element elementor-element-f238fb6\" data-id=\"f238fb6\" data-element_type=\"column\" data-e-type=\"column\" data-settings=\"{&quot;appside_sec_extends_is_scrollme&quot;:&quot;false&quot;,&quot;appside_sec_extends_is_smoove&quot;:&quot;false&quot;,&quot;appside_sec_extends_is_parallax_mouse&quot;:&quot;false&quot;,&quot;appside_sec_extends_is_infinite&quot;:&quot;false&quot;}\">\n\t\t\t<div class=\"elementor-widget-wrap\">\n\t\t\t\t\t\t\t<\/div>\n\t\t<\/div>\n\t\t\t\t\t<\/div>\n\t\t<\/section>\n\t\t\t\t<section class=\"elementor-section elementor-top-section elementor-element elementor-element-2a242f2 elementor-section-boxed elementor-section-height-default elementor-section-height-default\" data-id=\"2a242f2\" data-element_type=\"section\" data-e-type=\"section\">\n\t\t\t\t\t\t<div class=\"elementor-container elementor-column-gap-no\">\n\t\t\t\t\t<div class=\"elementor-column elementor-col-100 elementor-top-column elementor-element elementor-element-28082a2\" data-id=\"28082a2\" data-element_type=\"column\" data-e-type=\"column\" data-settings=\"{&quot;appside_sec_extends_is_scrollme&quot;:&quot;false&quot;,&quot;appside_sec_extends_is_smoove&quot;:&quot;false&quot;,&quot;appside_sec_extends_is_parallax_mouse&quot;:&quot;false&quot;,&quot;appside_sec_extends_is_infinite&quot;:&quot;false&quot;}\">\n\t\t\t<div class=\"elementor-widget-wrap elementor-element-populated\">\n\t\t\t\t\t\t<div class=\"elementor-element elementor-element-91a8918 elementor-widget elementor-widget-google_maps\" data-id=\"91a8918\" data-element_type=\"widget\" data-e-type=\"widget\" data-settings=\"{&quot;appside_sec_extends_is_scrollme&quot;:&quot;false&quot;,&quot;appside_sec_extends_is_smoove&quot;:&quot;false&quot;,&quot;appside_sec_extends_is_parallax_mouse&quot;:&quot;false&quot;,&quot;appside_sec_extends_is_infinite&quot;:&quot;false&quot;}\" data-widget_type=\"google_maps.default\">\n\t\t\t\t<div class=\"elementor-widget-container\">\n\t\t\t\t\t\t\t<div class=\"elementor-custom-embed\">\n\t\t\t<iframe loading=\"lazy\"\n\t\t\t\t\tsrc=\"https:\/\/maps.google.com\/maps?q=Narutowicza%2057%2C%2090-130%20%C5%81%C3%B3d%C5%BA%2C%20Poland&#038;t=m&#038;z=10&#038;output=embed&#038;iwloc=near\"\n\t\t\t\t\ttitle=\"Narutowicza 57, 90-130 \u0141\u00f3d\u017a, Poland\"\n\t\t\t\t\taria-label=\"Narutowicza 57, 90-130 \u0141\u00f3d\u017a, Poland\"\n\t\t\t><\/iframe>\n\t\t<\/div>\n\t\t\t\t\t\t<\/div>\n\t\t\t\t<\/div>\n\t\t\t\t\t<\/div>\n\t\t<\/div>\n\t\t\t\t\t<\/div>\n\t\t<\/section>\n\t\t\t\t<section class=\"elementor-section elementor-top-section elementor-element elementor-element-60da99c elementor-section-boxed elementor-section-height-default elementor-section-height-default\" data-id=\"60da99c\" data-element_type=\"section\" data-e-type=\"section\">\n\t\t\t\t\t\t<div class=\"elementor-container elementor-column-gap-default\">\n\t\t\t\t\t<div class=\"elementor-column elementor-col-33 elementor-top-column elementor-element elementor-element-d69ade4\" data-id=\"d69ade4\" data-element_type=\"column\" data-e-type=\"column\" data-settings=\"{&quot;background_background&quot;:&quot;classic&quot;,&quot;appside_sec_extends_is_scrollme&quot;:&quot;false&quot;,&quot;appside_sec_extends_is_smoove&quot;:&quot;false&quot;,&quot;appside_sec_extends_is_parallax_mouse&quot;:&quot;false&quot;,&quot;appside_sec_extends_is_infinite&quot;:&quot;false&quot;}\">\n\t\t\t<div class=\"elementor-widget-wrap elementor-element-populated\">\n\t\t\t\t\t\t<div class=\"elementor-element elementor-element-e0205aa elementor-widget elementor-widget-heading\" data-id=\"e0205aa\" data-element_type=\"widget\" data-e-type=\"widget\" data-settings=\"{&quot;appside_sec_extends_is_scrollme&quot;:&quot;false&quot;,&quot;appside_sec_extends_is_smoove&quot;:&quot;false&quot;,&quot;appside_sec_extends_is_parallax_mouse&quot;:&quot;false&quot;,&quot;appside_sec_extends_is_infinite&quot;:&quot;false&quot;}\" data-widget_type=\"heading.default\">\n\t\t\t\t<div class=\"elementor-widget-container\">\n\t\t\t\t\t<h2 class=\"elementor-heading-title elementor-size-default\">Address : <span class=\"x\">Ul.Narutowicza 57, 90- 130 \u0141\u00f3d\u017a (Poland)<\/span><\/h2>\t\t\t\t<\/div>\n\t\t\t\t<\/div>\n\t\t\t\t<div class=\"elementor-element elementor-element-e36cf56 elementor-widget elementor-widget-heading\" data-id=\"e36cf56\" data-element_type=\"widget\" data-e-type=\"widget\" data-settings=\"{&quot;appside_sec_extends_is_scrollme&quot;:&quot;false&quot;,&quot;appside_sec_extends_is_smoove&quot;:&quot;false&quot;,&quot;appside_sec_extends_is_parallax_mouse&quot;:&quot;false&quot;,&quot;appside_sec_extends_is_infinite&quot;:&quot;false&quot;}\" data-widget_type=\"heading.default\">\n\t\t\t\t<div class=\"elementor-widget-container\">\n\t\t\t\t\t<h2 class=\"elementor-heading-title elementor-size-default\">Telephone : <span class=\"x\">+48 727 901 401<\/span><\/h2>\t\t\t\t<\/div>\n\t\t\t\t<\/div>\n\t\t\t\t<div class=\"elementor-element elementor-element-ad17817 elementor-widget elementor-widget-heading\" data-id=\"ad17817\" data-element_type=\"widget\" data-e-type=\"widget\" data-settings=\"{&quot;appside_sec_extends_is_scrollme&quot;:&quot;false&quot;,&quot;appside_sec_extends_is_smoove&quot;:&quot;false&quot;,&quot;appside_sec_extends_is_parallax_mouse&quot;:&quot;false&quot;,&quot;appside_sec_extends_is_infinite&quot;:&quot;false&quot;}\" data-widget_type=\"heading.default\">\n\t\t\t\t<div class=\"elementor-widget-container\">\n\t\t\t\t\t<h2 class=\"elementor-heading-title elementor-size-default\">E-mail\n : <span class=\"x\">eurofrc@gmail.com<\/span><\/h2>\t\t\t\t<\/div>\n\t\t\t\t<\/div>\n\t\t\t\t<div class=\"elementor-element elementor-element-15b3cad elementor-widget__width-auto elementor-widget elementor-widget-heading\" data-id=\"15b3cad\" data-element_type=\"widget\" data-e-type=\"widget\" data-settings=\"{&quot;appside_sec_extends_is_scrollme&quot;:&quot;false&quot;,&quot;appside_sec_extends_is_smoove&quot;:&quot;false&quot;,&quot;appside_sec_extends_is_parallax_mouse&quot;:&quot;false&quot;,&quot;appside_sec_extends_is_infinite&quot;:&quot;false&quot;}\" data-widget_type=\"heading.default\">\n\t\t\t\t<div class=\"elementor-widget-container\">\n\t\t\t\t\t<h2 class=\"elementor-heading-title elementor-size-default\">Social  : <\/h2>\t\t\t\t<\/div>\n\t\t\t\t<\/div>\n\t\t\t\t<div class=\"elementor-element elementor-element-90dc56b elementor-widget__width-auto elementor-shape-rounded elementor-grid-0 e-grid-align-center elementor-widget elementor-widget-social-icons\" data-id=\"90dc56b\" data-element_type=\"widget\" data-e-type=\"widget\" data-settings=\"{&quot;appside_sec_extends_is_scrollme&quot;:&quot;false&quot;,&quot;appside_sec_extends_is_smoove&quot;:&quot;false&quot;,&quot;appside_sec_extends_is_parallax_mouse&quot;:&quot;false&quot;,&quot;appside_sec_extends_is_infinite&quot;:&quot;false&quot;}\" data-widget_type=\"social-icons.default\">\n\t\t\t\t<div class=\"elementor-widget-container\">\n\t\t\t\t\t\t\t<div class=\"elementor-social-icons-wrapper elementor-grid\" role=\"list\">\n\t\t\t\t\t\t\t<span class=\"elementor-grid-item\" role=\"listitem\">\n\t\t\t\t\t<a class=\"elementor-icon elementor-social-icon elementor-social-icon-facebook elementor-repeater-item-20e22de\" href=\"https:\/\/www.facebook.com\/EuroFrc\/\" target=\"_blank\">\n\t\t\t\t\t\t<span class=\"elementor-screen-only\">Facebook<\/span>\n\t\t\t\t\t\t<i aria-hidden=\"true\" class=\"fab fa-facebook\"><\/i>\t\t\t\t\t<\/a>\n\t\t\t\t<\/span>\n\t\t\t\t\t\t\t<span class=\"elementor-grid-item\" role=\"listitem\">\n\t\t\t\t\t<a class=\"elementor-icon elementor-social-icon elementor-social-icon-instagram elementor-repeater-item-ecaa714\" href=\"https:\/\/www.instagram.com\/eurofrc\/?hl=en\" target=\"_blank\">\n\t\t\t\t\t\t<span class=\"elementor-screen-only\">Instagram<\/span>\n\t\t\t\t\t\t<i aria-hidden=\"true\" class=\"fab fa-instagram\"><\/i>\t\t\t\t\t<\/a>\n\t\t\t\t<\/span>\n\t\t\t\t\t\t\t<span class=\"elementor-grid-item\" role=\"listitem\">\n\t\t\t\t\t<a class=\"elementor-icon elementor-social-icon elementor-social-icon-youtube elementor-repeater-item-1d70dd3\" href=\"https:\/\/www.youtube.com\/channel\/UCLI-tUBtit2s_Htragn6VnQ\" target=\"_blank\">\n\t\t\t\t\t\t<span class=\"elementor-screen-only\">Youtube<\/span>\n\t\t\t\t\t\t<i aria-hidden=\"true\" class=\"fab fa-youtube\"><\/i>\t\t\t\t\t<\/a>\n\t\t\t\t<\/span>\n\t\t\t\t\t\t\t<span class=\"elementor-grid-item\" role=\"listitem\">\n\t\t\t\t\t<a class=\"elementor-icon elementor-social-icon elementor-social-icon-linkedin elementor-repeater-item-9085e0f\" href=\"https:\/\/www.linkedin.com\/company\/europejska-fundacja-rozwoju-cz%C5%82owieka\/?originalSubdomain=pl\" target=\"_blank\">\n\t\t\t\t\t\t<span class=\"elementor-screen-only\">Linkedin<\/span>\n\t\t\t\t\t\t<i aria-hidden=\"true\" class=\"fab fa-linkedin\"><\/i>\t\t\t\t\t<\/a>\n\t\t\t\t<\/span>\n\t\t\t\t\t<\/div>\n\t\t\t\t\t\t<\/div>\n\t\t\t\t<\/div>\n\t\t\t\t\t<\/div>\n\t\t<\/div>\n\t\t\t\t<div class=\"elementor-column elementor-col-33 elementor-top-column elementor-element elementor-element-5866f3e\" data-id=\"5866f3e\" data-element_type=\"column\" data-e-type=\"column\" data-settings=\"{&quot;appside_sec_extends_is_scrollme&quot;:&quot;false&quot;,&quot;appside_sec_extends_is_smoove&quot;:&quot;false&quot;,&quot;appside_sec_extends_is_parallax_mouse&quot;:&quot;false&quot;,&quot;appside_sec_extends_is_infinite&quot;:&quot;false&quot;}\">\n\t\t\t<div class=\"elementor-widget-wrap elementor-element-populated\">\n\t\t\t\t\t\t<div class=\"elementor-element elementor-element-aea3031 elementor-widget elementor-widget-heading\" data-id=\"aea3031\" data-element_type=\"widget\" data-e-type=\"widget\" data-settings=\"{&quot;appside_sec_extends_is_scrollme&quot;:&quot;false&quot;,&quot;appside_sec_extends_is_smoove&quot;:&quot;false&quot;,&quot;appside_sec_extends_is_parallax_mouse&quot;:&quot;false&quot;,&quot;appside_sec_extends_is_infinite&quot;:&quot;false&quot;}\" data-widget_type=\"heading.default\">\n\t\t\t\t<div class=\"elementor-widget-container\">\n\t\t\t\t\t<h2 class=\"elementor-heading-title elementor-size-default\">Address : <span class=\"x\">Ul.Narutowicza 57, 90- 130 \u0141\u00f3d\u017a (Poland)<\/span><\/h2>\t\t\t\t<\/div>\n\t\t\t\t<\/div>\n\t\t\t\t\t<\/div>\n\t\t<\/div>\n\t\t\t\t<div class=\"elementor-column elementor-col-33 elementor-top-column elementor-element elementor-element-966fb39\" data-id=\"966fb39\" data-element_type=\"column\" data-e-type=\"column\" data-settings=\"{&quot;appside_sec_extends_is_scrollme&quot;:&quot;false&quot;,&quot;appside_sec_extends_is_smoove&quot;:&quot;false&quot;,&quot;appside_sec_extends_is_parallax_mouse&quot;:&quot;false&quot;,&quot;appside_sec_extends_is_infinite&quot;:&quot;false&quot;}\">\n\t\t\t<div class=\"elementor-widget-wrap\">\n\t\t\t\t\t\t\t<\/div>\n\t\t<\/div>\n\t\t\t\t\t<\/div>\n\t\t<\/section>\n\t\t\t\t<\/div>\n\t\t","protected":false},"excerpt":{"rendered":"<p>Contact Us Address : Ul.Narutowicza 57, 90- 130 \u0141\u00f3d\u017a (Poland) Telephone : +48 727 901 401 E-mail : eurofrc@gmail.com Social : Facebook Instagram Youtube Linkedin Address : Ul.Narutowicza 57, 90- 130 \u0141\u00f3d\u017a (Poland)<\/p>\n","protected":false},"author":1,"featured_media":0,"parent":0,"menu_order":0,"comment_status":"closed","ping_status":"closed","template":"tpl-default-elementor.php","meta":{"_mi_skip_tracking":false,"footnotes":""},"class_list":["post-808","page","type-page","status-publish","hentry"],"aioseo_notices":[],"_links":{"self":[{"href":"https:\/\/step3-hub.eu\/index.php\/wp-json\/wp\/v2\/pages\/808","targetHints":{"allow":["GET"]}}],"collection":[{"href":"https:\/\/step3-hub.eu\/index.php\/wp-json\/wp\/v2\/pages"}],"about":[{"href":"https:\/\/step3-hub.eu\/index.php\/wp-json\/wp\/v2\/types\/page"}],"author":[{"embeddable":true,"href":"https:\/\/step3-hub.eu\/index.php\/wp-json\/wp\/v2\/users\/1"}],"replies":[{"embeddable":true,"href":"https:\/\/step3-hub.eu\/index.php\/wp-json\/wp\/v2\/comments?post=808"}],"version-history":[{"count":43,"href":"https:\/\/step3-hub.eu\/index.php\/wp-json\/wp\/v2\/pages\/808\/revisions"}],"predecessor-version":[{"id":1018,"href":"https:\/\/step3-hub.eu\/index.php\/wp-json\/wp\/v2\/pages\/808\/revisions\/1018"}],"wp:attachment":[{"href":"https:\/\/step3-hub.eu\/index.php\/wp-json\/wp\/v2\/media?parent=808"}],"curies":[{"name":"wp","href":"https:\/\/api.w.org\/{rel}","templated":true}]}}